{"id":73678,"date":"2024-09-03T09:19:31","date_gmt":"2024-09-03T16:19:31","guid":{"rendered":"https:\/\/negocios.elaviso.com\/?page_id=73678"},"modified":"2024-09-12T11:23:13","modified_gmt":"2024-09-12T18:23:13","slug":"confirmation","status":"publish","type":"page","link":"https:\/\/negocios.elaviso.com\/es\/smile-design-implants-es\/confirmation\/","title":{"rendered":"Confirmation | Implantes ES | Smile Design"},"content":{"rendered":"<div data-elementor-type=\"wp-page\" data-elementor-id=\"73678\" class=\"elementor elementor-73678\" data-elementor-post-type=\"page\">\n\t\t\t\t\t\t<section class=\"elementor-section elementor-top-section elementor-element elementor-element-33d67d40 elementor-section-height-min-height elementor-hidden-tablet elementor-hidden-mobile elementor-section-boxed elementor-section-height-default elementor-section-items-middle\" data-id=\"33d67d40\" data-element_type=\"section\" data-e-type=\"section\" data-settings=\"{&quot;background_background&quot;:&quot;classic&quot;}\">\n\t\t\t\t\t\t\t<div class=\"elementor-background-overlay\"><\/div>\n\t\t\t\t\t\t\t<div class=\"elementor-container elementor-column-gap-default\">\n\t\t\t\t\t<div class=\"elementor-column elementor-col-100 elementor-top-column elementor-element elementor-element-2cda38c8\" data-id=\"2cda38c8\" data-element_type=\"column\" data-e-type=\"column\">\n\t\t\t<div class=\"elementor-widget-wrap elementor-element-populated\">\n\t\t\t\t\t\t<div class=\"elementor-element elementor-element-1f28cd51 elementor-widget elementor-widget-image\" data-id=\"1f28cd51\" data-element_type=\"widget\" data-e-type=\"widget\" data-widget_type=\"image.default\">\n\t\t\t\t<div class=\"elementor-widget-container\">\n\t\t\t\t\t\t\t\t\t\t\t\t\t\t\t<img decoding=\"async\" width=\"181\" height=\"82\" data-src=\"https:\/\/negocios.elaviso.com\/wp-content\/uploads\/2024\/07\/logo.png\" class=\"attachment-full size-full wp-image-73244 lazyload\" alt=\"\" data-srcset=\"https:\/\/negocios.elaviso.com\/wp-content\/uploads\/2024\/07\/logo.png 181w, https:\/\/negocios.elaviso.com\/wp-content\/uploads\/2024\/07\/logo-18x8.png 18w\" data-sizes=\"(max-width: 181px) 100vw, 181px\" src=\"data:image\/svg+xml;base64,PHN2ZyB3aWR0aD0iMSIgaGVpZ2h0PSIxIiB4bWxucz0iaHR0cDovL3d3dy53My5vcmcvMjAwMC9zdmciPjwvc3ZnPg==\" style=\"--smush-placeholder-width: 181px; --smush-placeholder-aspect-ratio: 181\/82;\" \/>\t\t\t\t\t\t\t\t\t\t\t\t\t\t\t<\/div>\n\t\t\t\t<\/div>\n\t\t\t\t<div class=\"elementor-element elementor-element-384f91 elementor-hidden-mobile elementor-widget elementor-widget-text-editor\" data-id=\"384f91\" data-element_type=\"widget\" data-e-type=\"widget\" data-widget_type=\"text-editor.default\">\n\t\t\t\t<div class=\"elementor-widget-container\">\n\t\t\t\t\t\t\t\t\t<p>Gracias por completar el formulario.<br \/>Un miembro de nuestro equipo estar\u00e1 en contacto con usted.<\/p>\t\t\t\t\t\t\t\t<\/div>\n\t\t\t\t<\/div>\n\t\t\t\t<div class=\"elementor-element elementor-element-10a9d28 elementor-widget elementor-widget-heading\" data-id=\"10a9d28\" data-element_type=\"widget\" data-e-type=\"widget\" data-widget_type=\"heading.default\">\n\t\t\t\t<div class=\"elementor-widget-container\">\n\t\t\t\t\t<h6 class=\"elementor-heading-title elementor-size-small\">818-764-0113\n<\/h6>\t\t\t\t<\/div>\n\t\t\t\t<\/div>\n\t\t\t\t\t<\/div>\n\t\t<\/div>\n\t\t\t\t\t<\/div>\n\t\t<\/section>\n\t\t\t\t<section class=\"elementor-section elementor-top-section elementor-element elementor-element-137d8f8d elementor-section-boxed elementor-section-height-default elementor-section-height-default\" data-id=\"137d8f8d\" data-element_type=\"section\" data-e-type=\"section\">\n\t\t\t\t\t\t<div class=\"elementor-container elementor-column-gap-default\">\n\t\t\t\t\t<div class=\"elementor-column elementor-col-50 elementor-top-column elementor-element elementor-element-1f1d5fba\" data-id=\"1f1d5fba\" data-element_type=\"column\" data-e-type=\"column\">\n\t\t\t<div class=\"elementor-widget-wrap elementor-element-populated\">\n\t\t\t\t\t\t<div class=\"elementor-element elementor-element-fc9e2f4 elementor-widget elementor-widget-heading\" data-id=\"fc9e2f4\" data-element_type=\"widget\" data-e-type=\"widget\" data-widget_type=\"heading.default\">\n\t\t\t\t<div class=\"elementor-widget-container\">\n\t\t\t\t\t<h4 class=\"elementor-heading-title elementor-size-default\">la vision<\/h4>\t\t\t\t<\/div>\n\t\t\t\t<\/div>\n\t\t\t\t<div class=\"elementor-element elementor-element-72ddce90 elementor-widget elementor-widget-heading\" data-id=\"72ddce90\" data-element_type=\"widget\" data-e-type=\"widget\" data-widget_type=\"heading.default\">\n\t\t\t\t<div class=\"elementor-widget-container\">\n\t\t\t\t\t<h2 class=\"elementor-heading-title elementor-size-default\">Sobre Nosotros<\/h2>\t\t\t\t<\/div>\n\t\t\t\t<\/div>\n\t\t\t\t<div class=\"elementor-element elementor-element-7c6a579 elementor-widget elementor-widget-text-editor\" data-id=\"7c6a579\" data-element_type=\"widget\" data-e-type=\"widget\" data-widget_type=\"text-editor.default\">\n\t\t\t\t<div class=\"elementor-widget-container\">\n\t\t\t\t\t\t\t\t\t<p>En Smile Design Dentistry &amp; Braces, nuestra misi\u00f3n es hacer que el cuidado dental sea f\u00e1cil y accesible para todos. Atendemos a familias e individuos, ofreciendo servicios integrales en un solo lugar. Ya sea que necesites chequeos rutinarios para tus hijos, reparaciones dentales o una renovaci\u00f3n completa de tu sonrisa, nuestro equipo experimentado est\u00e1 aqu\u00ed para brindar atenci\u00f3n de alta calidad en un ambiente amigable y relajante.<\/p>\t\t\t\t\t\t\t\t<\/div>\n\t\t\t\t<\/div>\n\t\t\t\t\t<\/div>\n\t\t<\/div>\n\t\t\t\t<div class=\"elementor-column elementor-col-50 elementor-top-column elementor-element elementor-element-fa64eb0\" data-id=\"fa64eb0\" data-element_type=\"column\" data-e-type=\"column\">\n\t\t\t<div class=\"elementor-widget-wrap elementor-element-populated\">\n\t\t\t\t\t\t<div class=\"elementor-element elementor-element-5e84c86 elementor-widget elementor-widget-text-editor\" data-id=\"5e84c86\" data-element_type=\"widget\" data-e-type=\"widget\" data-widget_type=\"text-editor.default\">\n\t\t\t\t<div class=\"elementor-widget-container\">\n\t\t\t\t\t\t\t\t\t<p><strong>Nuestros Servicios Incluyen:<\/strong><\/p><ul><li><strong>Chequeo y Limpieza:<\/strong> Chequeos y limpiezas dentales regulares, selladores dentales, protectores nocturnos para el bruxismo, tratamiento de ATM\/TMD, protectores bucales, ex\u00e1menes de c\u00e1ncer oral y tratamientos con fl\u00faor.<\/li><li><strong>Cuidado de Emergencia y Restaurativo:<\/strong> Soluciones para dientes rotos o astillados, empastes del color del diente y coronas dentales.<\/li><li><strong>Odontolog\u00eda Cosm\u00e9tica:<\/strong> Carillas de porcelana, restauraciones sin metal, resinas cosm\u00e9ticas y blanqueamiento dental.<\/li><li><strong>Reemplazo de Dientes:<\/strong> Opciones para dientes faltantes, incluyendo puentes dentales, dentaduras e implantes dentales.<\/li><li><strong>Odontolog\u00eda Pedi\u00e1trica:<\/strong> Chequeos, limpiezas, selladores y tratamientos con fl\u00faor para ni\u00f1os.<\/li><li><strong>Ortodoncia:<\/strong> Invisalign, Fastbraces y la T\u00e9cnica de Cirug\u00eda de Pinhole.<\/li><li><strong>Tratamiento de Enfermedades de las Enc\u00edas:<\/strong> Raspado y alisado radicular, l\u00e1ser de tejidos blandos y cirug\u00eda de enc\u00edas con l\u00e1ser.<\/li><li><strong>Tratamientos Especializados:<\/strong> Tratamientos para bruxismo y ATM, tratamiento de ronquidos y apnea del sue\u00f1o.<\/li><li><strong>Odontolog\u00eda Sedante:<\/strong> Soluciones para garantizar una experiencia c\u00f3moda y relajante para pacientes que experimentan ansiedad o miedo.<\/li><\/ul>\t\t\t\t\t\t\t\t<\/div>\n\t\t\t\t<\/div>\n\t\t\t\t\t<\/div>\n\t\t<\/div>\n\t\t\t\t\t<\/div>\n\t\t<\/section>\n\t\t\t\t<section class=\"elementor-section elementor-top-section elementor-element elementor-element-3e961df6 elementor-section-height-min-height elementor-section-boxed elementor-section-height-default elementor-section-items-middle\" data-id=\"3e961df6\" data-element_type=\"section\" data-e-type=\"section\" data-settings=\"{&quot;background_background&quot;:&quot;classic&quot;}\">\n\t\t\t\t\t\t\t<div class=\"elementor-background-overlay\"><\/div>\n\t\t\t\t\t\t\t<div class=\"elementor-container elementor-column-gap-wider\">\n\t\t\t\t\t<div class=\"elementor-column elementor-col-33 elementor-top-column elementor-element elementor-element-333ac62a\" data-id=\"333ac62a\" data-element_type=\"column\" data-e-type=\"column\">\n\t\t\t<div class=\"elementor-widget-wrap elementor-element-populated\">\n\t\t\t\t\t\t<div class=\"elementor-element elementor-element-1d7ed434 elementor-widget__width-initial elementor-widget elementor-widget-heading\" data-id=\"1d7ed434\" data-element_type=\"widget\" data-e-type=\"widget\" data-widget_type=\"heading.default\">\n\t\t\t\t<div class=\"elementor-widget-container\">\n\t\t\t\t\t<h2 class=\"elementor-heading-title elementor-size-default\">Estamos a Tu Servicio<\/h2>\t\t\t\t<\/div>\n\t\t\t\t<\/div>\n\t\t\t\t<div class=\"elementor-element elementor-element-340d7900 elementor-widget__width-initial elementor-widget elementor-widget-text-editor\" data-id=\"340d7900\" data-element_type=\"widget\" data-e-type=\"widget\" data-widget_type=\"text-editor.default\">\n\t\t\t\t<div class=\"elementor-widget-container\">\n\t\t\t\t\t\t\t\t\t<p>En Smile Design Dentistry &amp; Braces, tratamos a nuestros pacientes con la compasi\u00f3n y el respeto que se merecen.<\/p><p>Prometemos ofrecer un ambiente honesto y no discriminatorio, donde todo se reduce a una gran atenci\u00f3n.<\/p>\t\t\t\t\t\t\t\t<\/div>\n\t\t\t\t<\/div>\n\t\t\t\t\t<\/div>\n\t\t<\/div>\n\t\t\t\t<div class=\"elementor-column elementor-col-33 elementor-top-column elementor-element elementor-element-0750a02\" data-id=\"0750a02\" data-element_type=\"column\" data-e-type=\"column\">\n\t\t\t<div class=\"elementor-widget-wrap\">\n\t\t\t\t\t\t\t<\/div>\n\t\t<\/div>\n\t\t\t\t<div class=\"elementor-column elementor-col-33 elementor-top-column elementor-element elementor-element-2a83bd2\" data-id=\"2a83bd2\" data-element_type=\"column\" data-e-type=\"column\">\n\t\t\t<div class=\"elementor-widget-wrap elementor-element-populated\">\n\t\t\t\t\t\t<div class=\"elementor-element elementor-element-6cd35437 elementor-widget elementor-widget-heading\" data-id=\"6cd35437\" data-element_type=\"widget\" data-e-type=\"widget\" data-widget_type=\"heading.default\">\n\t\t\t\t<div class=\"elementor-widget-container\">\n\t\t\t\t\t<div class=\"elementor-heading-title elementor-size-default\">N\u00famero de Tel\u00e9fono<\/div>\t\t\t\t<\/div>\n\t\t\t\t<\/div>\n\t\t\t\t<div class=\"elementor-element elementor-element-16f7d5b9 elementor-widget__width-initial elementor-widget elementor-widget-text-editor\" data-id=\"16f7d5b9\" data-element_type=\"widget\" data-e-type=\"widget\" data-widget_type=\"text-editor.default\">\n\t\t\t\t<div class=\"elementor-widget-container\">\n\t\t\t\t\t\t\t\t\t<p>(818) 764-0113<\/p>\t\t\t\t\t\t\t\t<\/div>\n\t\t\t\t<\/div>\n\t\t\t\t<div class=\"elementor-element elementor-element-17deddf4 elementor-widget elementor-widget-heading\" data-id=\"17deddf4\" data-element_type=\"widget\" data-e-type=\"widget\" data-widget_type=\"heading.default\">\n\t\t\t\t<div class=\"elementor-widget-container\">\n\t\t\t\t\t<div class=\"elementor-heading-title elementor-size-default\">Nuestros Horarios<\/div>\t\t\t\t<\/div>\n\t\t\t\t<\/div>\n\t\t\t\t<div class=\"elementor-element elementor-element-5357569d elementor-widget elementor-widget-text-editor\" data-id=\"5357569d\" data-element_type=\"widget\" data-e-type=\"widget\" data-widget_type=\"text-editor.default\">\n\t\t\t\t<div class=\"elementor-widget-container\">\n\t\t\t\t\t\t\t\t\t<p><strong>Monday- Friday:<\/strong> 9:00am &#8211; 6:00pm<br \/><br \/><strong>S\u00e1bado:<\/strong> 9:00am &#8211; 1:00pm<br \/><br \/><strong>Domingo:<\/strong> Closed<\/p>\t\t\t\t\t\t\t\t<\/div>\n\t\t\t\t<\/div>\n\t\t\t\t<div class=\"elementor-element elementor-element-69b0a677 elementor-widget elementor-widget-heading\" data-id=\"69b0a677\" data-element_type=\"widget\" data-e-type=\"widget\" data-widget_type=\"heading.default\">\n\t\t\t\t<div class=\"elementor-widget-container\">\n\t\t\t\t\t<div class=\"elementor-heading-title elementor-size-default\">Ubicaciones<\/div>\t\t\t\t<\/div>\n\t\t\t\t<\/div>\n\t\t\t\t<div class=\"elementor-element elementor-element-2be2bcb6 elementor-widget elementor-widget-text-editor\" data-id=\"2be2bcb6\" data-element_type=\"widget\" data-e-type=\"widget\" data-widget_type=\"text-editor.default\">\n\t\t\t\t<div class=\"elementor-widget-container\">\n\t\t\t\t\t\t\t\t\t<p>7462 Lankershim Blvd.<br \/>North Hollywood, CA 91605<\/p>\t\t\t\t\t\t\t\t<\/div>\n\t\t\t\t<\/div>\n\t\t\t\t<div class=\"elementor-element elementor-element-249dc98b elementor-widget elementor-widget-google_maps\" data-id=\"249dc98b\" data-element_type=\"widget\" data-e-type=\"widget\" data-widget_type=\"google_maps.default\">\n\t\t\t\t<div class=\"elementor-widget-container\">\n\t\t\t\t\t\t\t<div class=\"elementor-custom-embed\">\n\t\t\t<iframe\n\t\t\t\t\tdata-src=\"https:\/\/maps.google.com\/maps?q=7468%20lankershim%20blvd%20north%20hollywood%2C%20ca&#038;t=m&#038;z=10&#038;output=embed&#038;iwloc=near\"\n\t\t\t\t\ttitle=\"7468 lankershim blvd north hollywood, ca\"\n\t\t\t\t\taria-label=\"7468 lankershim blvd north hollywood, ca\"\n\t\t\t src=\"data:image\/svg+xml;base64,PHN2ZyB3aWR0aD0iMSIgaGVpZ2h0PSIxIiB4bWxucz0iaHR0cDovL3d3dy53My5vcmcvMjAwMC9zdmciPjwvc3ZnPg==\" class=\"lazyload\" data-load-mode=\"1\"><\/iframe>\n\t\t<\/div>\n\t\t\t\t\t\t<\/div>\n\t\t\t\t<\/div>\n\t\t\t\t\t<\/div>\n\t\t<\/div>\n\t\t\t\t\t<\/div>\n\t\t<\/section>\n\t\t\t\t<\/div>","protected":false},"excerpt":{"rendered":"<p>Gracias por completar el formulario.Un miembro de nuestro equipo estar\u00e1 en contacto con usted. 818-764-0113 la vision Sobre Nosotros En Smile Design Dentistry &amp; Braces, nuestra misi\u00f3n es hacer que el cuidado dental sea f\u00e1cil y accesible para todos. Atendemos a familias e individuos, ofreciendo servicios integrales en un solo lugar. Ya sea que necesites [&hellip;]<\/p>\n","protected":false},"author":1,"featured_media":0,"parent":73675,"menu_order":0,"comment_status":"closed","ping_status":"closed","template":"elementor_canvas","meta":{"_acf_changed":false,"_uag_custom_page_level_css":"","_monsterinsights_skip_tracking":false,"_monsterinsights_sitenote_active":false,"_monsterinsights_sitenote_note":"","_monsterinsights_sitenote_category":0,"site-sidebar-layout":"no-sidebar","site-content-layout":"page-builder","ast-site-content-layout":"full-width-container","site-content-style":"default","site-sidebar-style":"default","ast-global-header-display":"","ast-banner-title-visibility":"","ast-main-header-display":"","ast-hfb-above-header-display":"","ast-hfb-below-header-display":"","ast-hfb-mobile-header-display":"","site-post-title":"disabled","ast-breadcrumbs-content":"","ast-featured-img":"disabled","footer-sml-layout":"","ast-disable-related-posts":"","theme-transparent-header-meta":"","adv-header-id-meta":"","stick-header-meta":"","header-above-stick-meta":"","header-main-stick-meta":"","header-below-stick-meta":"","astra-migrate-meta-layouts":"set","ast-page-background-enabled":"default","ast-page-background-meta":{"desktop":{"background-color":"","background-image":"","background-repeat":"repeat","background-position":"center center","background-size":"auto","background-attachment":"scroll","background-type":"","background-media":"","overlay-type":"","overlay-color":"","overlay-opacity":"","overlay-gradient":""},"tablet":{"background-color":"","background-image":"","background-repeat":"repeat","background-position":"center center","background-size":"auto","background-attachment":"scroll","background-type":"","background-media":"","overlay-type":"","overlay-color":"","overlay-opacity":"","overlay-gradient":""},"mobile":{"background-color":"","background-image":"","background-repeat":"repeat","background-position":"center center","background-size":"auto","background-attachment":"scroll","background-type":"","background-media":"","overlay-type":"","overlay-color":"","overlay-opacity":"","overlay-gradient":""}},"ast-content-background-meta":{"desktop":{"background-color":"var(--ast-global-color-5)","background-image":"","background-repeat":"repeat","background-position":"center center","background-size":"auto","background-attachment":"scroll","background-type":"","background-media":"","overlay-type":"","overlay-color":"","overlay-opacity":"","overlay-gradient":""},"tablet":{"background-color":"var(--ast-global-color-5)","background-image":"","background-repeat":"repeat","background-position":"center center","background-size":"auto","background-attachment":"scroll","background-type":"","background-media":"","overlay-type":"","overlay-color":"","overlay-opacity":"","overlay-gradient":""},"mobile":{"background-color":"var(--ast-global-color-5)","background-image":"","background-repeat":"repeat","background-position":"center center","background-size":"auto","background-attachment":"scroll","background-type":"","background-media":"","overlay-type":"","overlay-color":"","overlay-opacity":"","overlay-gradient":""}},"footnotes":""},"class_list":["post-73678","page","type-page","status-publish","hentry"],"acf":[],"aioseo_notices":[],"uagb_featured_image_src":{"full":false,"thumbnail":false,"medium":false,"medium_large":false,"large":false,"1536x1536":false,"2048x2048":false,"trp-custom-language-flag":false},"uagb_author_info":{"display_name":"admin","author_link":"https:\/\/negocios.elaviso.com\/es\/author\/admin\/"},"uagb_comment_info":0,"uagb_excerpt":"Gracias por completar el formulario.Un miembro de nuestro equipo estar\u00e1 en contacto con usted. 818-764-0113 la vision Sobre Nosotros En Smile Design Dentistry &amp; Braces, nuestra misi\u00f3n es hacer que el cuidado dental sea f\u00e1cil y accesible para todos. Atendemos a familias e individuos, ofreciendo servicios integrales en un solo lugar. Ya sea que necesites&hellip;","_links":{"self":[{"href":"https:\/\/negocios.elaviso.com\/es\/wp-json\/wp\/v2\/pages\/73678","targetHints":{"allow":["GET"]}}],"collection":[{"href":"https:\/\/negocios.elaviso.com\/es\/wp-json\/wp\/v2\/pages"}],"about":[{"href":"https:\/\/negocios.elaviso.com\/es\/wp-json\/wp\/v2\/types\/page"}],"author":[{"embeddable":true,"href":"https:\/\/negocios.elaviso.com\/es\/wp-json\/wp\/v2\/users\/1"}],"replies":[{"embeddable":true,"href":"https:\/\/negocios.elaviso.com\/es\/wp-json\/wp\/v2\/comments?post=73678"}],"version-history":[{"count":2,"href":"https:\/\/negocios.elaviso.com\/es\/wp-json\/wp\/v2\/pages\/73678\/revisions"}],"predecessor-version":[{"id":73683,"href":"https:\/\/negocios.elaviso.com\/es\/wp-json\/wp\/v2\/pages\/73678\/revisions\/73683"}],"up":[{"embeddable":true,"href":"https:\/\/negocios.elaviso.com\/es\/wp-json\/wp\/v2\/pages\/73675"}],"wp:attachment":[{"href":"https:\/\/negocios.elaviso.com\/es\/wp-json\/wp\/v2\/media?parent=73678"}],"curies":[{"name":"wp","href":"https:\/\/api.w.org\/{rel}","templated":true}]}}